{"id":918,"date":"2020-06-04T13:13:40","date_gmt":"2020-06-04T11:13:40","guid":{"rendered":"https:\/\/lesvoletsbleus.alsace\/mentions-legales\/"},"modified":"2020-07-16T15:41:56","modified_gmt":"2020-07-16T13:41:56","slug":"mentions-legales","status":"publish","type":"page","link":"https:\/\/lesvoletsbleus.alsace\/de\/mentions-legales\/","title":{"rendered":"Mentions l\u00e9gales"},"content":{"rendered":"<h3>CREDITS<\/h3>\n<p>Cr\u00e9ation du site, graphisme et ergonomie : NEOH &#8211; Creative Agency<\/p>\n<h3>EDITEUR<\/h3>\n<p>Le site lesvoletsbleus.alsace est \u00e9dit\u00e9 par l&#8217;entreprise LMNP HARQUEL num\u00e9ro SIREN 839364783.<\/p>\n<h3>DIRECTEUR DE LA PUBLICATION<\/h3>\n<p>Le directeur de la publication du site lesvoletsbleus.alsace est Mme C\u00e9line Harquel.<span class=\"Apple-converted-space\">\u00a0<\/span><\/p>\n<p>Le responsable \u00e9ditorial du site lesvoletsbleus.alsace est l\u2019agence NEOH.<span class=\"Apple-converted-space\">\u00a0<\/span><\/p>\n<h3>HEBERGEUR<\/h3>\n<p>Le site lesvoletsbleus.alsace est h\u00e9berg\u00e9 par la soci\u00e9t\u00e9 O2switch, au capital de 100 000 \u20ac &#8211; RCS Clermont-Ferrand &#8211; SIRET : 510 909 80700024 &#8211; N\u00b0 TVA : FR35510909807 &#8211;<span class=\"Apple-converted-space\">\u00a0<\/span><\/p>\n<p>Si\u00e8ge social : 222-224 Boulevard Gustave Flaubert &#8211; 63000 Clermont-Ferrand &#8211; France.<\/p>\n<h3>PROPRIETE INTELLECTUELLE<\/h3>\n<p>La structure g\u00e9n\u00e9rale du site lesvoletsbleus.alsace ainsi que les textes, graphiques, images, sons et vid\u00e9os la composant, sont la propri\u00e9t\u00e9 de LMNP HARQUEL ou de ses partenaires. Toute repr\u00e9sentation et\/ou reproduction et\/ou exploitation partielle ou totale de ce site, par quelque proc\u00e9d\u00e9 que ce soit, sans l\u2019autorisation pr\u00e9alable et par \u00e9crit de LMNP HARQUEL ou de ses partenaires est strictement interdite et serait susceptible de constituer une contrefa\u00e7on au sens des articles L 335-2 et suivants du Code de la propri\u00e9t\u00e9 intellectuelle.<span class=\"Apple-converted-space\">\u00a0<\/span><\/p>\n<h3>LOI INFORMATIQUE ET LIBERTE<\/h3>\n<p>Votre adresse e-mail peut \u00eatre conserv\u00e9e par LMNP HARQUEL dans l&#8217;unique but de vous informer ou de g\u00e9rer vos r\u00e9servations effectu\u00e9es sur le site. Vous pourrez, \u00e0 tout moment, demander votre d\u00e9sinscription. Aucune information personnelle n&#8217;est collect\u00e9e \u00e0 votre insu. Aucune information personnelle n&#8217;est c\u00e9d\u00e9e \u00e0 des tiers. Nous vous rappelons que vous disposez d&#8217;un droit d&#8217;acc\u00e8s, de modification, de rectification et de suppression des donn\u00e9es qui vous concernent (loi n\u00b078-17 du 6 janvier 1978 modifi\u00e9e par la loi n\u00b02004-575 du 21 juin 2004). Pour plus de d\u00e9tails, r\u00e9f\u00e9rez vous \u00e0 notre politique de confidentialit\u00e9.<\/p>\n<h3>RESPONSABILITES<\/h3>\n<p>Ce site s\u2019efforce d&#8217;assurer une information fiable et \u00e0 jour. Malgr\u00e9 notre vigilance, des erreurs peuvent s&#8217;\u00eatre gliss\u00e9es dans nos pages. Nous vous prions de nous en excuser : l&#8217;utilisation faite de ces informations et de tout pr\u00e9judice direct ou indirect pouvant en d\u00e9couler n&#8217;engage pas notre responsabilit\u00e9.<\/p>\n<p>Les prix \u00e9ventuellement mentionn\u00e9s sur le pr\u00e9sent site web peuvent \u00eatre sujets \u00e0 modification sans avis pr\u00e9alable et la disponibilit\u00e9 des r\u00e9servations propos\u00e9es sur le site ne peut \u00eatre garantie.<span class=\"Apple-converted-space\">\u00a0<\/span><\/p>\n<p>Les photos des gites ainsi que toutes les sources visuelles de ce site sont non contractuelles.<\/p>\n<p>Tous liens hypertextes pouvant renvoyer vers d&#8217;autres site web ou d&#8217;autres sources Internet sont soumis \u00e0 l&#8217;autorisation \u00e9crite de LMNP HARQUEL et sous v\u00e9rification exclusive de LMNP HARQUEL.<br \/>\nLMNP HARQUEL ne peut \u00eatre tenu pour responsable de la mise \u00e0 disposition de ressources internes et externes, et ne peut supporter aucune responsabilit\u00e9 quant aux contenus, publicit\u00e9s, produits, services ou tout autre mat\u00e9riel disponibles sur ou \u00e0 partir de ces sites web ou sources internes et externes.<br \/>\nDe m\u00eame et dans la limite autoris\u00e9e par la loi, LMNP HARQUEL ne saurait \u00eatre tenu responsable dans le cas o\u00f9 le contenu desdits autres sites web contreviendrait aux dispositions l\u00e9gales et r\u00e9glementaires en vigueur.<\/p>\n<p>LMNP HARQUEL prend toutes les pr\u00e9cautions pour que le contenu du site web ne soit pas contraire \u00e0 l&#8217;ordre public et aux bonnes moeurs. Toutefois, si des id\u00e9es ou images heurtaient certaines personnes particuli\u00e8rement sensibles, LMNP HARQUEL ne saurait en \u00eatre responsable.<\/p>\n<p>De m\u00eame, LMNP HARQUEL ne pourra \u00eatre tenu pour responsable en cas de contamination des mat\u00e9riels informatiques des internautes r\u00e9sultants de la propagation d&#8217;un virus ou autres infections informatiques.<\/p>\n<p>En tant qu&#8217;utilisateur du site web, il vous appartient de prendre toutes les mesures appropri\u00e9es de fa\u00e7on \u00e0 prot\u00e9ger vos propres donn\u00e9es et\/ou logiciels de la contamination par des \u00e9ventuels virus circulant sur le r\u00e9seau internet.<\/p>\n<p>Pour toute remarque concernant d\u2019\u00e9ventuels dysfonctionnements du site, contactez nous au plus vite afin de nous permettre de proc\u00e9der aux modifications demand\u00e9es.<\/p>\n","protected":false},"excerpt":{"rendered":"<p>CREDITS Cr\u00e9ation du site, graphisme et ergonomie : NEOH &#8211; Creative Agency EDITEUR Le site lesvoletsbleus.alsace est \u00e9dit\u00e9 par l&#8217;entreprise&#8230;<a class=\"read-more\" href=\"https:\/\/lesvoletsbleus.alsace\/de\/mentions-legales\/\">Lesen Sie mehr<\/a><\/p>\n","protected":false},"author":1,"featured_media":0,"parent":0,"menu_order":0,"comment_status":"closed","ping_status":"closed","template":"","meta":{"_acf_changed":false,"_seopress_robots_primary_cat":"","_seopress_titles_title":"","_seopress_titles_desc":"","_seopress_robots_index":"yes","footnotes":""},"class_list":["post-918","page","type-page","status-publish","hentry"],"acf":[],"_links":{"self":[{"href":"https:\/\/lesvoletsbleus.alsace\/de\/wp-json\/wp\/v2\/pages\/918","targetHints":{"allow":["GET"]}}],"collection":[{"href":"https:\/\/lesvoletsbleus.alsace\/de\/wp-json\/wp\/v2\/pages"}],"about":[{"href":"https:\/\/lesvoletsbleus.alsace\/de\/wp-json\/wp\/v2\/types\/page"}],"author":[{"embeddable":true,"href":"https:\/\/lesvoletsbleus.alsace\/de\/wp-json\/wp\/v2\/users\/1"}],"replies":[{"embeddable":true,"href":"https:\/\/lesvoletsbleus.alsace\/de\/wp-json\/wp\/v2\/comments?post=918"}],"version-history":[{"count":2,"href":"https:\/\/lesvoletsbleus.alsace\/de\/wp-json\/wp\/v2\/pages\/918\/revisions"}],"predecessor-version":[{"id":965,"href":"https:\/\/lesvoletsbleus.alsace\/de\/wp-json\/wp\/v2\/pages\/918\/revisions\/965"}],"wp:attachment":[{"href":"https:\/\/lesvoletsbleus.alsace\/de\/wp-json\/wp\/v2\/media?parent=918"}],"curies":[{"name":"wp","href":"https:\/\/api.w.org\/{rel}","templated":true}]}}